{"id":595,"date":"2025-09-23T07:58:37","date_gmt":"2025-09-23T07:58:37","guid":{"rendered":"https:\/\/wp25.wheelwizard.ch\/?page_id=595"},"modified":"2025-09-23T08:31:23","modified_gmt":"2025-09-23T08:31:23","slug":"politique-de-confidentialite-2","status":"publish","type":"page","link":"https:\/\/wheelwizard.ch\/fr\/politique-de-confidentialite-2\/","title":{"rendered":"Politique de confidentialit\u00e9"},"content":{"rendered":"<p><strong>AUTOWIZARD SA<\/strong> exploite le <strong>WWW.WHEELWIZARD.CH<\/strong> qui fournit les informations suivantes <strong>SERVICE<\/strong>.<\/p>\n\n\n\n<p>Cette page est utilis\u00e9e pour informer les visiteurs du site web de nos politiques en mati\u00e8re de collecte, d'utilisation et de divulgation des informations personnelles si quelqu'un d\u00e9cide d'utiliser notre service, le site web de l'Union europ\u00e9enne ou le site web de la Commission europ\u00e9enne. <strong>WHEELWIZARD<\/strong> site web.<\/p>\n\n\n\n<p>Si vous choisissez d'utiliser notre service, vous acceptez la collecte et l'utilisation des informations conform\u00e9ment \u00e0 la pr\u00e9sente politique. Les informations personnelles que nous recueillons sont utilis\u00e9es pour fournir et am\u00e9liorer le service. Nous n'utiliserons ni ne partagerons vos informations avec qui que ce soit, sauf dans les cas d\u00e9crits dans la pr\u00e9sente politique de confidentialit\u00e9.<\/p>\n\n\n\n<p>Les termes utilis\u00e9s dans la pr\u00e9sente politique de confidentialit\u00e9 ont la m\u00eame signification que dans nos conditions g\u00e9n\u00e9rales, qui sont accessibles \u00e0 l'adresse suivante <strong>WWW.WHEELWIZARD.CH<\/strong>sauf indication contraire dans la pr\u00e9sente politique de confidentialit\u00e9.<\/p>\n\n\n\n<h2 class=\"wp-block-heading\">Collecte et utilisation des informations<\/h2>\n\n\n\n<p>Pour une meilleure utilisation de notre service, nous pouvons vous demander de nous fournir certaines informations personnelles identifiables, y compris, mais sans s'y limiter, votre nom, votre num\u00e9ro de t\u00e9l\u00e9phone et votre adresse postale. Les informations que nous recueillons seront utilis\u00e9es pour vous contacter ou vous identifier.<\/p>\n\n\n\n<h2 class=\"wp-block-heading\">Donn\u00e9es du journal<\/h2>\n\n\n\n<p>Nous tenons \u00e0 vous informer que lorsque vous visitez notre service, nous recueillons des informations que votre navigateur nous envoie et qui sont appel\u00e9es \"donn\u00e9es de journal\". Ces donn\u00e9es peuvent inclure des informations telles que l'adresse IP de votre ordinateur, la version de votre navigateur, les pages de notre service que vous visitez, l'heure et la date de votre visite, le temps pass\u00e9 sur ces pages et d'autres statistiques.<\/p>\n\n\n\n<h2 class=\"wp-block-heading\">Cookies<\/h2>\n\n\n\n<p>Les cookies sont des fichiers contenant une petite quantit\u00e9 de donn\u00e9es qui sont g\u00e9n\u00e9ralement utilis\u00e9es comme identifiant unique anonyme. Ils sont envoy\u00e9s \u00e0 votre navigateur par le site web que vous visitez et sont stock\u00e9s sur le disque dur de votre ordinateur.<\/p>\n\n\n\n<p>Notre site web utilise ces \"cookies\" pour collecter des informations et am\u00e9liorer notre service. Vous avez la possibilit\u00e9 d'accepter ou de refuser ces cookies et de savoir quand un cookie est envoy\u00e9 \u00e0 votre ordinateur. Si vous choisissez de refuser nos cookies, il se peut que vous ne puissiez pas utiliser certaines parties de notre service.<\/p>\n\n\n\n<h2 class=\"wp-block-heading\">Prestataires de services<\/h2>\n\n\n\n<p>Nous pouvons faire appel \u00e0 des entreprises et des personnes tierces pour les raisons suivantes :<\/p>\n\n\n\n<p>Pour faciliter notre service ;<\/p>\n\n\n\n<p>Fournir le service en notre nom ;<\/p>\n\n\n\n<p>pour fournir des services li\u00e9s au service ; ou<\/p>\n\n\n\n<p>Pour nous aider \u00e0 analyser la fa\u00e7on dont notre service est utilis\u00e9.<\/p>\n\n\n\n<p>Nous souhaitons informer les utilisateurs de nos services que ces tiers ont acc\u00e8s \u00e0 vos informations personnelles. La raison en est l'ex\u00e9cution des t\u00e2ches qui leur sont confi\u00e9es en notre nom. Toutefois, ils sont tenus de ne pas divulguer ou utiliser les informations \u00e0 d'autres fins.<\/p>\n\n\n\n<h2 class=\"wp-block-heading\">S\u00e9curit\u00e9<\/h2>\n\n\n\n<p>Nous appr\u00e9cions la confiance que vous nous accordez en nous fournissant vos informations personnelles et nous nous effor\u00e7ons donc d'utiliser des moyens commercialement acceptables pour les prot\u00e9ger. Mais n'oubliez pas qu'aucune m\u00e9thode de transmission sur l'internet ou de stockage \u00e9lectronique n'est 100% s\u00fbre et fiable, et que nous ne pouvons pas en garantir la s\u00e9curit\u00e9 absolue.<\/p>\n\n\n\n<h2 class=\"wp-block-heading\">Liens vers d'autres sites<\/h2>\n\n\n\n<p>Notre service peut contenir des liens vers d'autres sites. Si vous cliquez sur le lien d'un tiers, vous serez dirig\u00e9 vers ce site. Notez que ces sites externes ne sont pas exploit\u00e9s par nous. Par cons\u00e9quent, nous vous conseillons vivement de consulter la politique de confidentialit\u00e9 de ces sites web. Nous n'avons aucun contr\u00f4le sur le contenu, les politiques de confidentialit\u00e9 ou les pratiques des sites ou services tiers et n'assumons aucune responsabilit\u00e9 \u00e0 cet \u00e9gard.<\/p>\n\n\n\n<h2 class=\"wp-block-heading\">Vie priv\u00e9e des enfants<\/h2>\n\n\n\n<p>Nos services ne s'adressent pas aux personnes \u00e2g\u00e9es de moins de 13 ans. Nous ne recueillons pas sciemment d'informations personnelles identifiables aupr\u00e8s d'enfants de moins de 13 ans. Si nous d\u00e9couvrons qu'un enfant de moins de 13 ans nous a fourni des informations personnelles, nous les supprimons imm\u00e9diatement de nos serveurs. Si vous \u00eates un parent ou un tuteur et que vous savez que votre enfant nous a fourni des informations personnelles, veuillez nous contacter afin que nous puissions prendre les mesures n\u00e9cessaires.<\/p>\n\n\n\n<h2 class=\"wp-block-heading\">Modifications de la pr\u00e9sente politique de confidentialit\u00e9<\/h2>\n\n\n\n<p>Nous pouvons mettre \u00e0 jour notre politique de confidentialit\u00e9 de temps \u00e0 autre. Nous vous conseillons donc de consulter r\u00e9guli\u00e8rement cette page pour prendre connaissance des \u00e9ventuelles modifications. Nous vous informerons de toute modification en publiant la nouvelle politique de confidentialit\u00e9 sur cette page. Ces modifications entrent en vigueur imm\u00e9diatement apr\u00e8s leur publication sur cette page.<\/p>\n\n\n\n<h2 class=\"wp-block-heading\">Nous contacter<\/h2>\n\n\n\n<p>Si vous avez des questions ou des pr\u00e9occupations concernant notre politique de confidentialit\u00e9, n'h\u00e9sitez pas \u00e0 contacter le d\u00e9l\u00e9gu\u00e9 \u00e0 la protection des donn\u00e9es ; <a href=\"mailto:info@wheelwizard.ch?subject=Contact%20Us\">INFO@WHEELWIZARD.CH<\/a><\/p>","protected":false},"excerpt":{"rendered":"<p>AUTOWIZARD SA exploite le site WWW.WHEELWIZARD.CH, qui fournit le SERVICE. Cette page est utilis\u00e9e pour informer les visiteurs du site sur notre [...]<\/p>","protected":false},"author":1,"featured_media":0,"parent":0,"menu_order":0,"comment_status":"closed","ping_status":"closed","template":"","meta":{"site-sidebar-layout":"default","site-content-layout":"","ast-site-content-layout":"default","site-content-style":"default","site-sidebar-style":"default","ast-global-header-display":"","ast-banner-title-visibility":"","ast-main-header-display":"","ast-hfb-above-header-display":"","ast-hfb-below-header-display":"","ast-hfb-mobile-header-display":"","site-post-title":"","ast-breadcrumbs-content":"","ast-featured-img":"","footer-sml-layout":"","theme-transparent-header-meta":"","adv-header-id-meta":"","stick-header-meta":"","header-above-stick-meta":"","header-main-stick-meta":"","header-below-stick-meta":"","astra-migrate-meta-layouts":"default","ast-page-background-enabled":"default","ast-page-background-meta":{"desktop":{"background-color":"var(--ast-global-color-5)","background-image":"","background-repeat":"repeat","background-position":"center center","background-size":"auto","background-attachment":"scroll","background-type":"","background-media":"","overlay-type":"","overlay-color":"","overlay-opacity":"","overlay-gradient":""},"tablet":{"background-color":"","background-image":"","background-repeat":"repeat","background-position":"center center","background-size":"auto","background-attachment":"scroll","background-type":"","background-media":"","overlay-type":"","overlay-color":"","overlay-opacity":"","overlay-gradient":""},"mobile":{"background-color":"","background-image":"","background-repeat":"repeat","background-position":"center center","background-size":"auto","background-attachment":"scroll","background-type":"","background-media":"","overlay-type":"","overlay-color":"","overlay-opacity":"","overlay-gradient":""}},"ast-content-background-meta":{"desktop":{"background-color":"var(--ast-global-color-4)","background-image":"","background-repeat":"repeat","background-position":"center center","background-size":"auto","background-attachment":"scroll","background-type":"","background-media":"","overlay-type":"","overlay-color":"","overlay-opacity":"","overlay-gradient":""},"tablet":{"background-color":"var(--ast-global-color-4)","background-image":"","background-repeat":"repeat","background-position":"center center","background-size":"auto","background-attachment":"scroll","background-type":"","background-media":"","overlay-type":"","overlay-color":"","overlay-opacity":"","overlay-gradient":""},"mobile":{"background-color":"var(--ast-global-color-4)","background-image":"","background-repeat":"repeat","background-position":"center center","background-size":"auto","background-attachment":"scroll","background-type":"","background-media":"","overlay-type":"","overlay-color":"","overlay-opacity":"","overlay-gradient":""}},"footnotes":""},"class_list":["post-595","page","type-page","status-publish","hentry"],"_links":{"self":[{"href":"https:\/\/wheelwizard.ch\/fr\/wp-json\/wp\/v2\/pages\/595","targetHints":{"allow":["GET"]}}],"collection":[{"href":"https:\/\/wheelwizard.ch\/fr\/wp-json\/wp\/v2\/pages"}],"about":[{"href":"https:\/\/wheelwizard.ch\/fr\/wp-json\/wp\/v2\/types\/page"}],"author":[{"embeddable":true,"href":"https:\/\/wheelwizard.ch\/fr\/wp-json\/wp\/v2\/users\/1"}],"replies":[{"embeddable":true,"href":"https:\/\/wheelwizard.ch\/fr\/wp-json\/wp\/v2\/comments?post=595"}],"version-history":[{"count":2,"href":"https:\/\/wheelwizard.ch\/fr\/wp-json\/wp\/v2\/pages\/595\/revisions"}],"predecessor-version":[{"id":618,"href":"https:\/\/wheelwizard.ch\/fr\/wp-json\/wp\/v2\/pages\/595\/revisions\/618"}],"wp:attachment":[{"href":"https:\/\/wheelwizard.ch\/fr\/wp-json\/wp\/v2\/media?parent=595"}],"curies":[{"name":"wp","href":"https:\/\/api.w.org\/{rel}","templated":true}]}}