{"id":13,"date":"2025-09-23T07:17:42","date_gmt":"2025-09-23T07:17:42","guid":{"rendered":"https:\/\/wp25.wheelwizard.ch\/about\/"},"modified":"2026-02-24T08:35:27","modified_gmt":"2026-02-24T07:35:27","slug":"a-propos-de","status":"publish","type":"page","link":"https:\/\/wheelwizard.ch\/fr\/a-propos-de\/","title":{"rendered":"\u00c0 propos"},"content":{"rendered":"<div data-elementor-type=\"wp-page\" data-elementor-id=\"13\" class=\"elementor elementor-13\" data-elementor-post-type=\"page\">\n\t\t\t\t<div class=\"elementor-element elementor-element-3a1dfe3 e-flex e-con-boxed e-con e-parent\" data-id=\"3a1dfe3\" data-element_type=\"container\" data-settings=\"{&quot;background_background&quot;:&quot;classic&quot;}\">\n\t\t\t\t\t<div class=\"e-con-inner\">\n\t\t<div class=\"elementor-element elementor-element-a09068f e-con-full e-flex e-con e-child\" data-id=\"a09068f\" data-element_type=\"container\">\n\t\t\t\t<div class=\"elementor-element elementor-element-0cd15b2 elementor-widget elementor-widget-heading\" data-id=\"0cd15b2\" data-element_type=\"widget\" data-widget_type=\"heading.default\">\n\t\t\t\t\t\t\t<p class=\"elementor-heading-title elementor-size-default\">Notre passion<\/p>\t\t\t\t<\/div>\n\t\t\t\t<div class=\"elementor-element elementor-element-5d76335 elementor-widget elementor-widget-heading\" data-id=\"5d76335\" data-element_type=\"widget\" data-widget_type=\"heading.default\">\n\t\t\t\t\t\t\t<h2 class=\"elementor-heading-title elementor-size-default\">D\u00e9couvrez l'expertise de WheelWizard<\/h2>\t\t\t\t<\/div>\n\t\t\t\t<\/div>\n\t\t<div class=\"elementor-element elementor-element-4ca538b e-con-full e-flex e-con e-child\" data-id=\"4ca538b\" data-element_type=\"container\">\n\t\t\t\t<div class=\"elementor-element elementor-element-71592e4 elementor-widget elementor-widget-icon-box\" data-id=\"71592e4\" data-element_type=\"widget\" data-widget_type=\"icon-box.default\">\n\t\t\t\t\t\t\t\t\t<div class=\"elementor-icon-box-wrapper\">\n\n\t\t\t\n\t\t\t\t\t\t<div class=\"elementor-icon-box-content\">\n\n\t\t\t\t\t\t\t\t\t<p class=\"elementor-icon-box-title\">\n\t\t\t\t\t\t<span  >\n\t\t\t\t\t\t\tChez WheelWizard, les voitures ne sont pas seulement une activit\u00e9, elles font partie de notre ADN. Forts d'une solide base dans l'industrie automobile et de l'exp\u00e9rience acquise dans le monde des sports m\u00e9caniques de haut niveau, nous savons ce qu'il faut faire pour obtenir la pr\u00e9cision et les meilleurs r\u00e9sultats.\t\t\t\t\t\t<\/span>\n\t\t\t\t\t<\/p>\n\t\t\t\t\n\t\t\t\t\n\t\t\t<\/div>\n\t\t\t\n\t\t<\/div>\n\t\t\t\t\t\t<\/div>\n\t\t\t\t<\/div>\n\t\t\t\t\t<\/div>\n\t\t\t\t<\/div>\n\t\t<div class=\"elementor-element elementor-element-58ecd66 e-flex e-con-boxed e-con e-parent\" data-id=\"58ecd66\" data-element_type=\"container\" data-settings=\"{&quot;background_background&quot;:&quot;classic&quot;}\">\n\t\t\t\t\t<div class=\"e-con-inner\">\n\t\t\t\t<div class=\"elementor-element elementor-element-b29ed20 elementor-widget elementor-widget-heading\" data-id=\"b29ed20\" data-element_type=\"widget\" data-widget_type=\"heading.default\">\n\t\t\t\t\t\t\t<p class=\"elementor-heading-title elementor-size-default\">Notre approche<\/p>\t\t\t\t<\/div>\n\t\t\t\t<div class=\"elementor-element elementor-element-3c86a0c elementor-widget elementor-widget-heading\" data-id=\"3c86a0c\" data-element_type=\"widget\" data-widget_type=\"heading.default\">\n\t\t\t\t\t\t\t<h2 class=\"elementor-heading-title elementor-size-default\">La volont\u00e9 d'excellence<\/h2>\t\t\t\t<\/div>\n\t\t<div class=\"elementor-element elementor-element-ddd2d0a e-con-full e-flex e-con e-child\" data-id=\"ddd2d0a\" data-element_type=\"container\">\n\t\t\t\t<div class=\"elementor-element elementor-element-84e862c elementor-widget elementor-widget-icon-box\" data-id=\"84e862c\" data-element_type=\"widget\" data-widget_type=\"icon-box.default\">\n\t\t\t\t\t\t\t\t\t<div class=\"elementor-icon-box-wrapper\">\n\n\t\t\t\n\t\t\t\t\t\t<div class=\"elementor-icon-box-content\">\n\n\t\t\t\t\t\t\t\t\t<h3 class=\"elementor-icon-box-title\">\n\t\t\t\t\t\t<span  >\n\t\t\t\t\t\t\tQualit\u00e9 garantie et prix \u00e9quitables\t\t\t\t\t\t<\/span>\n\t\t\t\t\t<\/h3>\n\t\t\t\t\n\t\t\t\t\t\t\t\t\t<p class=\"elementor-icon-box-description\">\n\t\t\t\t\t\tLorsque nous avons examin\u00e9 de pr\u00e8s le march\u00e9 suisse de la r\u00e9paration et de la r\u00e9novation des jantes en alliage, nous avons constat\u00e9 une lacune \u00e9vidente. Les clients voulaient un service rapide et sans tracas, des jantes remises \u00e0 neuf, une qualit\u00e9 garantie et des prix \u00e9quitables. C'est exactement ce que nous proposons : un service mobile de r\u00e9paration de jantes en alliage de premi\u00e8re qualit\u00e9, ax\u00e9 sur la rapidit\u00e9, la commodit\u00e9 et un savoir-faire de qualit\u00e9 suisse.\n\n<br>\n<br>\n\nPour \u00e9tablir de nouvelles normes, nous nous sommes associ\u00e9s \u00e0 deux des plus grands sp\u00e9cialistes du Royaume-Uni, r\u00e9unissant plus de 50 ans d'expertise combin\u00e9e dans la restauration des jantes en alliage. Gr\u00e2ce \u00e0 leurs connaissances et \u00e0 notre dynamisme local, nous avons lanc\u00e9 WheelWizard pour relever la barre en Suisse.\t\t\t\t\t<\/p>\n\t\t\t\t\n\t\t\t<\/div>\n\t\t\t\n\t\t<\/div>\n\t\t\t\t\t\t<\/div>\n\t\t\t\t<div class=\"elementor-element elementor-element-e6d5fcc elementor-widget elementor-widget-icon-box\" data-id=\"e6d5fcc\" data-element_type=\"widget\" data-widget_type=\"icon-box.default\">\n\t\t\t\t\t\t\t\t\t<div class=\"elementor-icon-box-wrapper\">\n\n\t\t\t\n\t\t\t\t\t\t<div class=\"elementor-icon-box-content\">\n\n\t\t\t\t\t\t\t\t\t<h3 class=\"elementor-icon-box-title\">\n\t\t\t\t\t\t<span  >\n\t\t\t\t\t\t\tAssurance qualit\u00e9\t\t\t\t\t\t<\/span>\n\t\t\t\t\t<\/h3>\n\t\t\t\t\n\t\t\t\t\t\t\t\t\t<p class=\"elementor-icon-box-description\">\n\t\t\t\t\t\tNotre mission est simple : rendre la remise \u00e0 neuf des jantes en alliage en Suisse rapide, facile et abordable. Gr\u00e2ce \u00e0 nos ateliers mobiles ultramodernes, nous r\u00e9parons vos jantes directement \u00e0 votre domicile, chez votre concessionnaire ou sur votre lieu de travail, toujours selon vos horaires.\n\nQu'il s'agisse de traces de trottoir, de rayures, de jantes diamant\u00e9es ou d'une remise \u00e0 neuf compl\u00e8te de la jante, WheelWizard offre des r\u00e9sultats de qualit\u00e9 d'usine sans les inconv\u00e9nients.\n<br>\n<br>\nQu'il s'agisse de traces de trottoir, de rayures, de roues taill\u00e9es au diamant ou d'une remise \u00e0 neuf compl\u00e8te de la jante, WheelWizard offre des r\u00e9sultats de qualit\u00e9 d'usine sans les inconv\u00e9nients.\n\t\t\t\t\t<\/p>\n\t\t\t\t\n\t\t\t<\/div>\n\t\t\t\n\t\t<\/div>\n\t\t\t\t\t\t<\/div>\n\t\t\t\t<\/div>\n\t\t\t\t\t<\/div>\n\t\t\t\t<\/div>\n\t\t\t\t<\/div>","protected":false},"excerpt":{"rendered":"<p>Notre passion D\u00e9couvrez l'expertise de WheelWizard Chez WheelWizard, les voitures ne sont pas seulement une activit\u00e9, elles sont dans notre ADN. Avec une solide [...]<\/p>","protected":false},"author":1,"featured_media":43,"parent":0,"menu_order":0,"comment_status":"closed","ping_status":"closed","template":"","meta":{"site-sidebar-layout":"no-sidebar","site-content-layout":"","ast-site-content-layout":"full-width-container","site-content-style":"default","site-sidebar-style":"default","ast-global-header-display":"","ast-banner-title-visibility":"","ast-main-header-display":"","ast-hfb-above-header-display":"","ast-hfb-below-header-display":"","ast-hfb-mobile-header-display":"","site-post-title":"disabled","ast-breadcrumbs-content":"","ast-featured-img":"disabled","footer-sml-layout":"","theme-transparent-header-meta":"","adv-header-id-meta":"","stick-header-meta":"","header-above-stick-meta":"","header-main-stick-meta":"","header-below-stick-meta":"","astra-migrate-meta-layouts":"default","ast-page-background-enabled":"default","ast-page-background-meta":{"desktop":{"background-color":"var(--ast-global-color-5)","background-image":"","background-repeat":"repeat","background-position":"center center","background-size":"auto","background-attachment":"scroll","background-type":"","background-media":"","overlay-type":"","overlay-color":"","overlay-opacity":"","overlay-gradient":""},"tablet":{"background-color":"","background-image":"","background-repeat":"repeat","background-position":"center center","background-size":"auto","background-attachment":"scroll","background-type":"","background-media":"","overlay-type":"","overlay-color":"","overlay-opacity":"","overlay-gradient":""},"mobile":{"background-color":"","background-image":"","background-repeat":"repeat","background-position":"center center","background-size":"auto","background-attachment":"scroll","background-type":"","background-media":"","overlay-type":"","overlay-color":"","overlay-opacity":"","overlay-gradient":""}},"ast-content-background-meta":{"desktop":{"background-color":"var(--ast-global-color-4)","background-image":"","background-repeat":"repeat","background-position":"center center","background-size":"auto","background-attachment":"scroll","background-type":"","background-media":"","overlay-type":"","overlay-color":"","overlay-opacity":"","overlay-gradient":""},"tablet":{"background-color":"var(--ast-global-color-4)","background-image":"","background-repeat":"repeat","background-position":"center center","background-size":"auto","background-attachment":"scroll","background-type":"","background-media":"","overlay-type":"","overlay-color":"","overlay-opacity":"","overlay-gradient":""},"mobile":{"background-color":"var(--ast-global-color-4)","background-image":"","background-repeat":"repeat","background-position":"center center","background-size":"auto","background-attachment":"scroll","background-type":"","background-media":"","overlay-type":"","overlay-color":"","overlay-opacity":"","overlay-gradient":""}},"footnotes":""},"class_list":["post-13","page","type-page","status-publish","has-post-thumbnail","hentry"],"_links":{"self":[{"href":"https:\/\/wheelwizard.ch\/fr\/wp-json\/wp\/v2\/pages\/13","targetHints":{"allow":["GET"]}}],"collection":[{"href":"https:\/\/wheelwizard.ch\/fr\/wp-json\/wp\/v2\/pages"}],"about":[{"href":"https:\/\/wheelwizard.ch\/fr\/wp-json\/wp\/v2\/types\/page"}],"author":[{"embeddable":true,"href":"https:\/\/wheelwizard.ch\/fr\/wp-json\/wp\/v2\/users\/1"}],"replies":[{"embeddable":true,"href":"https:\/\/wheelwizard.ch\/fr\/wp-json\/wp\/v2\/comments?post=13"}],"version-history":[{"count":14,"href":"https:\/\/wheelwizard.ch\/fr\/wp-json\/wp\/v2\/pages\/13\/revisions"}],"predecessor-version":[{"id":1030,"href":"https:\/\/wheelwizard.ch\/fr\/wp-json\/wp\/v2\/pages\/13\/revisions\/1030"}],"wp:featuredmedia":[{"embeddable":true,"href":"https:\/\/wheelwizard.ch\/fr\/wp-json\/wp\/v2\/media\/43"}],"wp:attachment":[{"href":"https:\/\/wheelwizard.ch\/fr\/wp-json\/wp\/v2\/media?parent=13"}],"curies":[{"name":"wp","href":"https:\/\/api.w.org\/{rel}","templated":true}]}}