{"id":1254,"date":"2026-02-24T10:40:09","date_gmt":"2026-02-24T09:40:09","guid":{"rendered":"https:\/\/wheelwizard.ch\/?page_id=1254"},"modified":"2026-02-24T10:41:04","modified_gmt":"2026-02-24T09:41:04","slug":"reparation-de-jantes-en-alliage-neuchatel","status":"publish","type":"page","link":"https:\/\/wheelwizard.ch\/fr\/reparation-de-jantes-en-alliage-neuchatel\/","title":{"rendered":"R\u00e9paration des jantes en alliage Neuch\u00e2tel"},"content":{"rendered":"<div data-elementor-type=\"wp-page\" data-elementor-id=\"1254\" class=\"elementor elementor-1254\" data-elementor-post-type=\"page\">\n\t\t\t\t<div class=\"elementor-element elementor-element-2856261 e-flex e-con-boxed e-con e-parent\" data-id=\"2856261\" data-element_type=\"container\" data-settings=\"{&quot;background_background&quot;:&quot;slideshow&quot;,&quot;background_slideshow_gallery&quot;:[{&quot;id&quot;:28,&quot;url&quot;:&quot;https:\\\/\\\/wheelwizard.ch\\\/wp-content\\\/uploads\\\/2025\\\/09\\\/img-wheelwizard-2509-10.jpg&quot;},{&quot;id&quot;:42,&quot;url&quot;:&quot;https:\\\/\\\/wheelwizard.ch\\\/wp-content\\\/uploads\\\/2025\\\/09\\\/img-wheelwizard-2509-03.jpg&quot;},{&quot;id&quot;:33,&quot;url&quot;:&quot;https:\\\/\\\/wheelwizard.ch\\\/wp-content\\\/uploads\\\/2025\\\/09\\\/img-wheelwizard-2509-18.jpg&quot;}],&quot;background_slideshow_slide_duration&quot;:8000,&quot;background_slideshow_transition_duration&quot;:2000,&quot;background_slideshow_loop&quot;:&quot;yes&quot;,&quot;background_slideshow_slide_transition&quot;:&quot;fade&quot;}\">\n\t\t\t\t\t<div class=\"e-con-inner\">\n\t\t\t\t<div class=\"elementor-element elementor-element-a99b1ee elementor--h-position-center elementor--v-position-middle elementor-widget elementor-widget-slides\" data-id=\"a99b1ee\" data-element_type=\"widget\" data-settings=\"{&quot;navigation&quot;:&quot;none&quot;,&quot;transition&quot;:&quot;fade&quot;,&quot;transition_speed&quot;:900,&quot;autoplay&quot;:&quot;yes&quot;,&quot;pause_on_hover&quot;:&quot;yes&quot;,&quot;pause_on_interaction&quot;:&quot;yes&quot;,&quot;autoplay_speed&quot;:5000,&quot;infinite&quot;:&quot;yes&quot;}\" data-widget_type=\"slides.default\">\n\t\t\t\t\t\t\t\t\t\t\t\t<div class=\"elementor-slides-wrapper elementor-main-swiper swiper\" role=\"region\" aria-roledescription=\"carousel\" aria-label=\"Diapositives\" dir=\"ltr\" data-animation=\"\">\n\t\t\t\t<div class=\"swiper-wrapper elementor-slides\">\n\t\t\t\t\t\t\t\t\t\t<div class=\"elementor-repeater-item-c0d11e6 swiper-slide\" role=\"group\" aria-roledescription=\"slide\"><div class=\"swiper-slide-bg\"><\/div><div class=\"swiper-slide-inner\" ><div class=\"swiper-slide-contents\"><div class=\"elementor-slide-heading\">Le premier r\u00e9parateur mobile de jantes en alliage de Neuch\u00e2tel<\/div><div class=\"elementor-slide-description\">WheelWizard propose la r\u00e9paration mobile de jantes en alliage \u00e0 Neuch\u00e2tel. \u00c9raflures, coups de trottoir et jantes diamant\u00e9es r\u00e9par\u00e9es sur place.<\/div><a href=\"\/fr\/contact\/\" class=\"elementor-button elementor-slide-button elementor-size-sm\">Obtenir un devis<\/a><\/div><\/div><\/div><div class=\"elementor-repeater-item-b29b6c2 swiper-slide\" role=\"group\" aria-roledescription=\"slide\"><div class=\"swiper-slide-bg\"><\/div><div class=\"swiper-slide-inner\" ><div class=\"swiper-slide-contents\"><div class=\"elementor-slide-heading\">Pour les partenaires du garage<\/div><div class=\"elementor-slide-description\">Pr\u00e9parez vos voitures d\u2019occasion rapidement et au meilleur prix. R\u00e9paration directement sur place - pas de logistique n\u00e9cessaire.<\/div><a href=\"\/fr\/contact\/\" class=\"elementor-button elementor-slide-button elementor-size-sm\">En savoir plus<\/a><\/div><\/div><\/div><div class=\"elementor-repeater-item-1f1e39d swiper-slide\" role=\"group\" aria-roledescription=\"slide\"><div class=\"swiper-slide-bg\"><\/div><div class=\"swiper-slide-inner\" ><div class=\"swiper-slide-contents\"><div class=\"elementor-slide-heading\">Pour propri\u00e9taires<\/div><div class=\"elementor-slide-description\">Vendez votre voiture plus rapidement ou \u00e9vitez les frais de retour de location gr\u00e2ce \u00e0 notre service mobile de r\u00e9paration de jantes en alliage. Des r\u00e9parations rapides, de qualit\u00e9 suisse, \u00e0 votre domicile. <\/div><a href=\"\/fr\/contact\/\" class=\"elementor-button elementor-slide-button elementor-size-sm\">Obtenir un devis imm\u00e9diat<\/a><\/div><\/div><\/div>\t\t\t\t<\/div>\n\t\t\t\t\t\t\t\t\t\t\t\t\t\t\t\t\t\t\t\t\t<\/div>\n\t\t\t\t\t\t\t\t<\/div>\n\t\t\t\t\t<\/div>\n\t\t\t\t<\/div>\n\t\t<div class=\"elementor-element elementor-element-1e48b34 e-flex e-con-boxed e-con e-parent\" data-id=\"1e48b34\" data-element_type=\"container\">\n\t\t\t\t\t<div class=\"e-con-inner\">\n\t\t<div class=\"elementor-element elementor-element-7974b07 e-con-full e-flex e-con e-child\" data-id=\"7974b07\" data-element_type=\"container\" data-settings=\"{&quot;background_background&quot;:&quot;classic&quot;}\">\n\t\t\t\t<div class=\"elementor-element elementor-element-da10ff4 elementor-widget elementor-widget-heading\" data-id=\"da10ff4\" data-element_type=\"widget\" data-widget_type=\"heading.default\">\n\t\t\t\t\t\t\t<p class=\"elementor-heading-title elementor-size-default\">A propos de nous<\/p>\t\t\t\t<\/div>\n\t\t\t\t<div class=\"elementor-element elementor-element-19e40ed elementor-widget elementor-widget-icon-box\" data-id=\"19e40ed\" data-element_type=\"widget\" data-widget_type=\"icon-box.default\">\n\t\t\t\t\t\t\t\t\t<div class=\"elementor-icon-box-wrapper\">\n\n\t\t\t\n\t\t\t\t\t\t<div class=\"elementor-icon-box-content\">\n\n\t\t\t\t\t\t\t\t\t<h1 class=\"elementor-icon-box-title\">\n\t\t\t\t\t\t<span  >\n\t\t\t\t\t\t\tWheelWizard - R\u00e9paration mobile de jantes en alliage \u00e0 Neuch\u00e2tel\t\t\t\t\t\t<\/span>\n\t\t\t\t\t<\/h1>\n\t\t\t\t\n\t\t\t\t\t\t\t\t\t<p class=\"elementor-icon-box-description\">\n\t\t\t\t\t\tEn tant que meilleur prestataire \u00e0 Neuch\u00e2tel, nous r\u00e9parons vos jantes en alliage directement sur place gr\u00e2ce \u00e0 notre atelier mobile ultramoderne. Au service de Gen\u00e8ve, Lausanne et des environs. Des rayures aux jantes taill\u00e9es au diamant.\t\t\t\t\t<\/p>\n\t\t\t\t\n\t\t\t<\/div>\n\t\t\t\n\t\t<\/div>\n\t\t\t\t\t\t<\/div>\n\t\t\t\t<div class=\"elementor-element elementor-element-309cc40 elementor-align-left elementor-widget elementor-widget-button\" data-id=\"309cc40\" data-element_type=\"widget\" data-widget_type=\"button.default\">\n\t\t\t\t\t\t\t\t\t\t\t\t<a class=\"elementor-button elementor-button-link elementor-size-sm\" href=\"https:\/\/wheelwizard.ch\/fr\/a-propos-de\/\">\n\t\t\t\t\t\t<span class=\"elementor-button-content-wrapper\">\n\t\t\t\t\t\t\t\t\t<span class=\"elementor-button-text\">En savoir plus<\/span>\n\t\t\t\t\t<\/span>\n\t\t\t\t\t<\/a>\n\t\t\t\t\t\t\t\t<\/div>\n\t\t\t\t<\/div>\n\t\t<div class=\"elementor-element elementor-element-d53d136 e-con-full e-flex e-con e-child\" data-id=\"d53d136\" data-element_type=\"container\" data-settings=\"{&quot;background_background&quot;:&quot;classic&quot;}\">\n\t\t\t\t<\/div>\n\t\t\t\t\t<\/div>\n\t\t\t\t<\/div>\n\t\t<div class=\"elementor-element elementor-element-6e412f5 e-flex e-con-boxed e-con e-parent\" data-id=\"6e412f5\" data-element_type=\"container\">\n\t\t\t\t\t<div class=\"e-con-inner\">\n\t\t\t\t<div class=\"elementor-element elementor-element-7720d9e elementor-widget elementor-widget-heading\" data-id=\"7720d9e\" data-element_type=\"widget\" data-widget_type=\"heading.default\">\n\t\t\t\t\t\t\t<p class=\"elementor-heading-title elementor-size-default\">Qualit\u00e9 suisse<\/p>\t\t\t\t<\/div>\n\t\t\t\t<div class=\"elementor-element elementor-element-f85093b elementor-widget elementor-widget-heading\" data-id=\"f85093b\" data-element_type=\"widget\" data-widget_type=\"heading.default\">\n\t\t\t\t\t\t\t<h2 class=\"elementor-heading-title elementor-size-default\">Nos services<\/h2>\t\t\t\t<\/div>\n\t\t<div class=\"elementor-element elementor-element-9b2cc45 e-con-full e-flex e-con e-child\" data-id=\"9b2cc45\" data-element_type=\"container\">\n\t\t<div class=\"elementor-element elementor-element-1d664e8 e-con-full e-flex e-con e-child\" data-id=\"1d664e8\" data-element_type=\"container\">\n\t\t\t\t<div class=\"elementor-element elementor-element-34067ec elementor-widget elementor-widget-heading\" data-id=\"34067ec\" data-element_type=\"widget\" data-widget_type=\"heading.default\">\n\t\t\t\t\t\t\t<p class=\"elementor-heading-title elementor-size-default\">Pour les garages et les concessionnaires<\/p>\t\t\t\t<\/div>\n\t\t\t\t<div class=\"elementor-element elementor-element-8b7032c elementor-widget elementor-widget-hfe-infocard\" data-id=\"8b7032c\" data-element_type=\"widget\" data-widget_type=\"hfe-infocard.default\">\n\t\t\t\t\t\t<div class=\"elementor-widget-container\">\n\t\t\t\t\t\n\t\t<div class=\"hfe-infocard\">\n\t\t\t\t\t\t\t\t\t<div class=\"hfe-infocard-title-wrap\">\n\t\t\t\t<h3 class=\"hfe-infocard-title elementor-inline-editing\" data-elementor-setting-key=\"infocard_title\" data-elementor-inline-editing-toolbar=\"basic\" >Programme de partenariat B2B<\/h3>\t\t\t<\/div>\n\t\t\t\t\t\t<div class=\"hfe-infocard-text-wrap\">\n\t\t\t\t<div class=\"hfe-infocard-text elementor-inline-editing\" data-elementor-setting-key=\"infocard_description\" data-elementor-inline-editing-toolbar=\"advanced\">\n\t\t\t\t\t<p>\u00c9liminez les probl\u00e8mes de logistique et acc\u00e9l\u00e9rez la rotation des v\u00e9hicules. Notre atelier mobile r\u00e9pare les roues directement dans vos locaux pendant que vous vous concentrez sur les ventes.\t\t\t\t<\/div>\n\t\t\t\t\t\t\t<\/div>\n\t\t<\/div>\n\n\t\t\t\t\t\t<\/div>\n\t\t\t\t<\/div>\n\t\t\t\t<\/div>\n\t\t<div class=\"elementor-element elementor-element-be9aec7 e-con-full e-flex e-con e-child\" data-id=\"be9aec7\" data-element_type=\"container\">\n\t\t\t\t<div class=\"elementor-element elementor-element-1042406 elementor-widget elementor-widget-heading\" data-id=\"1042406\" data-element_type=\"widget\" data-widget_type=\"heading.default\">\n\t\t\t\t\t\t\t<p class=\"elementor-heading-title elementor-size-default\">Pour les clients priv\u00e9s<\/p>\t\t\t\t<\/div>\n\t\t\t\t<div class=\"elementor-element elementor-element-1782627 elementor-widget elementor-widget-hfe-infocard\" data-id=\"1782627\" data-element_type=\"widget\" data-widget_type=\"hfe-infocard.default\">\n\t\t\t\t\t\t<div class=\"elementor-widget-container\">\n\t\t\t\t\t\n\t\t<div class=\"hfe-infocard\">\n\t\t\t\t\t\t\t\t\t<div class=\"hfe-infocard-title-wrap\">\n\t\t\t\t<h3 class=\"hfe-infocard-title elementor-inline-editing\" data-elementor-setting-key=\"infocard_title\" data-elementor-inline-editing-toolbar=\"basic\" >R\u00e9parations \u00e0 domicile<\/h3>\t\t\t<\/div>\n\t\t\t\t\t\t<div class=\"hfe-infocard-text-wrap\">\n\t\t\t\t<div class=\"hfe-infocard-text elementor-inline-editing\" data-elementor-setting-key=\"infocard_description\" data-elementor-inline-editing-toolbar=\"advanced\">\n\t\t\t\t\tDes jantes endommag\u00e9es r\u00e9duisent la valeur de votre voiture de plus de 10%. Que vous vendiez votre voiture ou que vous restituiez un v\u00e9hicule en leasing, la r\u00e9paration professionnelle des jantes est rentable. \t\t\t\t<\/div>\n\t\t\t\t\t\t\t<\/div>\n\t\t<\/div>\n\n\t\t\t\t\t\t<\/div>\n\t\t\t\t<\/div>\n\t\t\t\t<\/div>\n\t\t<div class=\"elementor-element elementor-element-08b7fa4 e-con-full e-flex e-con e-child\" data-id=\"08b7fa4\" data-element_type=\"container\">\n\t\t\t\t<div class=\"elementor-element elementor-element-d507eae elementor-widget elementor-widget-heading\" data-id=\"d507eae\" data-element_type=\"widget\" data-widget_type=\"heading.default\">\n\t\t\t\t\t\t\t<p class=\"elementor-heading-title elementor-size-default\">Nous r\u00e9parons<\/p>\t\t\t\t<\/div>\n\t\t\t\t<div class=\"elementor-element elementor-element-b32c947 elementor-widget elementor-widget-hfe-infocard\" data-id=\"b32c947\" data-element_type=\"widget\" data-widget_type=\"hfe-infocard.default\">\n\t\t\t\t\t\t<div class=\"elementor-widget-container\">\n\t\t\t\t\t\n\t\t<div class=\"hfe-infocard\">\n\t\t\t\t\t\t\t\t\t<div class=\"hfe-infocard-title-wrap\">\n\t\t\t\t<h3 class=\"hfe-infocard-title elementor-inline-editing\" data-elementor-setting-key=\"infocard_title\" data-elementor-inline-editing-toolbar=\"basic\" >Jantes en alliage peintes ou diamant\u00e9es<\/h3>\t\t\t<\/div>\n\t\t\t\t\t\t<div class=\"hfe-infocard-text-wrap\">\n\t\t\t\t<div class=\"hfe-infocard-text elementor-inline-editing\" data-elementor-setting-key=\"infocard_description\" data-elementor-inline-editing-toolbar=\"advanced\">\n\t\t\t\t\tJusqu'\u00e0 23 pouces de diam\u00e8tre. Les r\u00e9parations les plus courantes sont les \u00e9gratignures et les \u00e9raflures, la corrosion et l'\u00e9caillage de la laque, les petites bosses et les marques esth\u00e9tiques.\t\t\t\t<\/div>\n\t\t\t\t\t\t\t<\/div>\n\t\t<\/div>\n\n\t\t\t\t\t\t<\/div>\n\t\t\t\t<\/div>\n\t\t\t\t<\/div>\n\t\t\t\t<\/div>\n\t\t\t\t\t<\/div>\n\t\t\t\t<\/div>\n\t\t<div class=\"elementor-element elementor-element-5df0389 e-flex e-con-boxed e-con e-parent\" data-id=\"5df0389\" data-element_type=\"container\">\n\t\t\t\t\t<div class=\"e-con-inner\">\n\t\t\t\t<div class=\"elementor-element elementor-element-99a2599 elementor-widget elementor-widget-google_maps\" data-id=\"99a2599\" data-element_type=\"widget\" data-widget_type=\"google_maps.default\">\n\t\t\t\t\t\t\t\t\t<div class=\"elementor-custom-embed\">\n\t\t\t<iframe loading=\"lazy\"\n\t\t\t\t\tsrc=\"https:\/\/maps.google.com\/maps?q=Neuch%C3%A2tel&#038;t=m&#038;z=10&#038;output=embed&#038;iwloc=near\"\n\t\t\t\t\ttitle=\"Neuch\u00e2tel\"\n\t\t\t\t\taria-label=\"Neuch\u00e2tel\"\n\t\t\t><\/iframe>\n\t\t<\/div>\n\t\t\t\t\t\t<\/div>\n\t\t\t\t\t<\/div>\n\t\t\t\t<\/div>\n\t\t\t\t<\/div>","protected":false},"excerpt":{"rendered":"<p>Neuch\u00e2tel&#8217;s Leading Mobile Alloy Wheel RepairWheelWizard offers mobile alloy wheel repair in Neuch\u00e2tel. Scratches, curb rash &#038; diamond-cut wheels repaired [&hellip;]<\/p>","protected":false},"author":4,"featured_media":0,"parent":0,"menu_order":0,"comment_status":"closed","ping_status":"closed","template":"","meta":{"site-sidebar-layout":"no-sidebar","site-content-layout":"","ast-site-content-layout":"full-width-container","site-content-style":"default","site-sidebar-style":"default","ast-global-header-display":"","ast-banner-title-visibility":"","ast-main-header-display":"","ast-hfb-above-header-display":"","ast-hfb-below-header-display":"","ast-hfb-mobile-header-display":"","site-post-title":"disabled","ast-breadcrumbs-content":"","ast-featured-img":"disabled","footer-sml-layout":"","theme-transparent-header-meta":"","adv-header-id-meta":"","stick-header-meta":"","header-above-stick-meta":"","header-main-stick-meta":"","header-below-stick-meta":"","astra-migrate-meta-layouts":"default","ast-page-background-enabled":"default","ast-page-background-meta":{"desktop":{"background-color":"var(--ast-global-color-5)","background-image":"","background-repeat":"repeat","background-position":"center center","background-size":"auto","background-attachment":"scroll","background-type":"","background-media":"","overlay-type":"","overlay-color":"","overlay-opacity":"","overlay-gradient":""},"tablet":{"background-color":"","background-image":"","background-repeat":"repeat","background-position":"center center","background-size":"auto","background-attachment":"scroll","background-type":"","background-media":"","overlay-type":"","overlay-color":"","overlay-opacity":"","overlay-gradient":""},"mobile":{"background-color":"","background-image":"","background-repeat":"repeat","background-position":"center center","background-size":"auto","background-attachment":"scroll","background-type":"","background-media":"","overlay-type":"","overlay-color":"","overlay-opacity":"","overlay-gradient":""}},"ast-content-background-meta":{"desktop":{"background-color":"var(--ast-global-color-4)","background-image":"","background-repeat":"repeat","background-position":"center center","background-size":"auto","background-attachment":"scroll","background-type":"","background-media":"","overlay-type":"","overlay-color":"","overlay-opacity":"","overlay-gradient":""},"tablet":{"background-color":"var(--ast-global-color-4)","background-image":"","background-repeat":"repeat","background-position":"center center","background-size":"auto","background-attachment":"scroll","background-type":"","background-media":"","overlay-type":"","overlay-color":"","overlay-opacity":"","overlay-gradient":""},"mobile":{"background-color":"var(--ast-global-color-4)","background-image":"","background-repeat":"repeat","background-position":"center center","background-size":"auto","background-attachment":"scroll","background-type":"","background-media":"","overlay-type":"","overlay-color":"","overlay-opacity":"","overlay-gradient":""}},"footnotes":""},"class_list":["post-1254","page","type-page","status-publish","hentry"],"_links":{"self":[{"href":"https:\/\/wheelwizard.ch\/fr\/wp-json\/wp\/v2\/pages\/1254","targetHints":{"allow":["GET"]}}],"collection":[{"href":"https:\/\/wheelwizard.ch\/fr\/wp-json\/wp\/v2\/pages"}],"about":[{"href":"https:\/\/wheelwizard.ch\/fr\/wp-json\/wp\/v2\/types\/page"}],"author":[{"embeddable":true,"href":"https:\/\/wheelwizard.ch\/fr\/wp-json\/wp\/v2\/users\/4"}],"replies":[{"embeddable":true,"href":"https:\/\/wheelwizard.ch\/fr\/wp-json\/wp\/v2\/comments?post=1254"}],"version-history":[{"count":4,"href":"https:\/\/wheelwizard.ch\/fr\/wp-json\/wp\/v2\/pages\/1254\/revisions"}],"predecessor-version":[{"id":1258,"href":"https:\/\/wheelwizard.ch\/fr\/wp-json\/wp\/v2\/pages\/1254\/revisions\/1258"}],"wp:attachment":[{"href":"https:\/\/wheelwizard.ch\/fr\/wp-json\/wp\/v2\/media?parent=1254"}],"curies":[{"name":"wp","href":"https:\/\/api.w.org\/{rel}","templated":true}]}}