{"id":593,"date":"2025-09-23T07:56:24","date_gmt":"2025-09-23T07:56:24","guid":{"rendered":"https:\/\/wp25.wheelwizard.ch\/?page_id=593"},"modified":"2025-09-23T08:28:19","modified_gmt":"2025-09-23T08:28:19","slug":"bedingungen-und-konditionen","status":"publish","type":"page","link":"https:\/\/wheelwizard.ch\/de\/bedingungen-und-konditionen\/","title":{"rendered":"Bedingungen und Konditionen"},"content":{"rendered":"<h2 class=\"wp-block-heading\">Auto Wizard SA<\/h2>\n\n\n\n<h2 class=\"wp-block-heading\">Allgemeine Verkaufsbedingungen<\/h2>\n\n\n\n<p>Die \u00dcberschriften in diesen Bedingungen dienen nur als Referenz und haben keinen Einfluss auf die Auslegung dieser Bedingungen.<\/p>\n\n\n\n<h2 class=\"wp-block-heading\">1. Begriffsbestimmungen<\/h2>\n\n\n\n<p>(1) \"Verk\u00e4ufer\" bedeutet Auto Wizard SA, handelnd als WheelWizard.<\/p>\n\n\n\n<p>(2) \"K\u00e4ufer\" ist die Person oder Firma, die mit dem Verk\u00e4ufer einen Vertrag abschlie\u00dft.<\/p>\n\n\n\n<p>(3) \"Vertrag\" ist der Vertrag zwischen dem Verk\u00e4ufer und dem K\u00e4ufer.<\/p>\n\n\n\n<p>(4) \"Waren und Dienstleistungen\" sind die Waren oder Dienstleistungen, die Gegenstand des Vertrages sind und vom Verk\u00e4ufer an den K\u00e4ufer verkauft werden.<\/p>\n\n\n\n<p>(5) \"Verbundene Unternehmen\" einer Gesellschaft sind ihre Tochtergesellschaften und Holdinggesellschaften sowie die Tochtergesellschaften ihrer Holdinggesellschaften.<\/p>\n\n\n\n<h2 class=\"wp-block-heading\">2. Vertr\u00e4ge<\/h2>\n\n\n\n<p>(1) Jeder Vertrag \u00fcber den Verkauf von Waren oder Dienstleistungen durch den Verk\u00e4ufer gilt als Bestandteil dieser Bedingungen.<\/p>\n\n\n\n<p>(2) \u00c4nderungen oder Erg\u00e4nzungen dieser Bedingungen sind ohne vorherige schriftliche Zustimmung des Verk\u00e4ufers unwirksam.<\/p>\n\n\n\n<p>(3) Diese Bedingungen haben Vorrang vor und treten an die Stelle aller anderen Bedingungen, die vom K\u00e4ufer stammen oder auf die er Bezug nimmt.<\/p>\n\n\n\n<h2 class=\"wp-block-heading\">3. Preise<\/h2>\n\n\n\n<p>(1) Sofern der Verk\u00e4ufer nicht ausdr\u00fccklich und schriftlich etwas anderes vereinbart hat, ist der Preis f\u00fcr den Verkauf der Waren und Dienstleistungen der Nettopreis der Waren oder Dienstleistungen ohne TVA.<\/p>\n\n\n\n<p>(2) Die angegebenen Preise k\u00f6nnen mit zus\u00e4tzlichen Kosten verbunden sein, wenn der Zustand der zu reparierenden Ware nicht der Beschreibung entspricht und ein unvorhergesehener, zus\u00e4tzlicher Arbeitsaufwand erforderlich ist. In jedem Fall wird der K\u00e4ufer vor der Erbringung der Leistung benachrichtigt und muss den neuen Kosten zustimmen, bevor mit der Leistung begonnen werden kann.<\/p>\n\n\n\n<h2 class=\"wp-block-heading\">4. Zahlung<\/h2>\n\n\n\n<p>(1) Alle Zahlungen aus dem Vertrag sind nach Abschluss der Arbeiten oder Lieferungen f\u00e4llig.<\/p>\n\n\n\n<p>(2) Werden vom Verk\u00e4ufer Kreditbedingungen vereinbart, so hat der K\u00e4ufer die Zahlung an den Verk\u00e4ufer innerhalb eines Monats ab Rechnungsdatum zu leisten, es sei denn, der Verk\u00e4ufer vereinbart schriftlich etwas anderes oder legt schriftlich andere Zahlungsbedingungen f\u00fcr den Kauf der Waren oder Dienstleistungen durch den K\u00e4ufer fest; in diesem Fall haben diese anderen Zahlungsbedingungen Vorrang.<\/p>\n\n\n\n<p>(3) Der K\u00e4ufer hat alle Zahlungen an den Verk\u00e4ufer im Rahmen eines Vertrages und dieser Bedingungen ohne Einbehalt, R\u00fccktritt, Abzug, Aufrechnung oder Gegenforderung in jeder vom Verk\u00e4ufer gew\u00fcnschten W\u00e4hrung in sofort verf\u00fcgbaren Mitteln zu leisten.<\/p>\n\n\n\n<p>(4) Der Zeitpunkt der Zahlung durch den K\u00e4ufer ist f\u00fcr jeden Vertrag von wesentlicher Bedeutung.<\/p>\n\n\n\n<p>(5) Der K\u00e4ufer zahlt dem Verk\u00e4ufer auf jeden \u00fcberf\u00e4lligen Betrag Verzugszinsen in H\u00f6he des Basiszinssatzes der Schweizerischen Nationalbank + 5%, der von Zeit zu Zeit variieren kann, bis zur tats\u00e4chlichen Zahlung vor und nach einem Urteil, berechnet auf Tagesbasis und mit monatlicher Zinseszinsen.&nbsp;<\/p>\n\n\n\n<p>(6) Sollten Rechnungskopien ben\u00f6tigt werden, sind diese innerhalb von 3 Tagen nach Erhalt der Abrechnung bei uns anzumelden, um eine zeitnahe Zahlung zu gew\u00e4hrleisten.&nbsp;<\/p>\n\n\n\n<p>(7) Unter keinen Umst\u00e4nden darf eine Rechnung teilweise bezahlt oder andere Rechnungszahlungen wegen anderer Streitigkeiten zur\u00fcckgehalten werden.<\/p>\n\n\n\n<h2 class=\"wp-block-heading\">5. Erbringung der Dienstleistung und Risiko<\/h2>\n\n\n\n<p>(1) Der Verk\u00e4ufer wird sich nach besten Kr\u00e4ften bem\u00fchen, die zwischen dem K\u00e4ufer und dem Verk\u00e4ufer vereinbarten Liefer- oder Leistungstermine oder, falls keine vereinbart wurden, eine angemessene Zeit nach dem Datum der Bestellung einzuhalten, haftet jedoch nicht f\u00fcr Verluste oder Sch\u00e4den, die sich aus einer wie auch immer gearteten Verz\u00f6gerung ergeben.<\/p>\n\n\n\n<p>(2) Wird eine Leistung bei Ankunft zum vereinbarten Zeitpunkt nicht abgenommen, beh\u00e4lt sich der Verk\u00e4ufer das Recht vor, eine Geb\u00fchr zur Deckung der Transport- und sonstigen Kosten zu erheben.<\/p>\n\n\n\n<p>(3) Der K\u00e4ufer muss:-<\/p>\n\n\n\n<p>(a) die Reparatur oder die Waren nach Abschluss der Arbeiten oder der Lieferung zu pr\u00fcfen:<\/p>\n\n\n\n<p>(b) den Verk\u00e4ufer innerhalb von sieben Tagen nach der Reparatur schriftlich \u00fcber Sch\u00e4den oder mangelhafte Reparaturen zu informieren.<\/p>\n\n\n\n<p>(c) dem Verk\u00e4ufer eine angemessene Gelegenheit zu geben, etwaige Sch\u00e4den oder mangelhafte Reparaturen zu \u00fcberpr\u00fcfen.<\/p>\n\n\n\n<p>(6) Keine Bestimmung dieser Bedingungen schlie\u00dft die Haftung des Verk\u00e4ufers nach dem in der Schweiz geltenden Recht aus, beschr\u00e4nkt sie oder schr\u00e4nkt sie ein:<\/p>\n\n\n\n<p>(a) Bei Tod oder K\u00f6rperverletzung infolge von Fahrl\u00e4ssigkeit oder Pflichtverletzung.<\/p>\n\n\n\n<p>(b) in Bezug auf eine arglistige T\u00e4uschung durch den Verk\u00e4ufer oder im Namen des Verk\u00e4ufers gegen\u00fcber dem K\u00e4ufer in Bezug auf die erbrachte Dienstleistung; oder<\/p>\n\n\n\n<p>(c) in Bezug auf die Haftung, wenn und soweit diese nach dem anwendbaren Recht nicht ausgeschlossen, eingeschr\u00e4nkt oder begrenzt werden kann.<\/p>\n\n\n\n<h2 class=\"wp-block-heading\">6. H\u00f6here Gewalt<\/h2>\n\n\n\n<p>Der Verk\u00e4ufer kann nach eigenem Ermessen und ohne Haftung die Erbringung der Dienstleistung stornieren oder verz\u00f6gern oder die erbrachte Leistung reduzieren, wenn er durch Umst\u00e4nde, die au\u00dferhalb der zumutbaren Kontrolle des Verk\u00e4ufers liegen oder die er nicht h\u00e4tte kontrollieren oder verhindern k\u00f6nnen, an der Erbringung der Dienstleistung gehindert wird oder diese verz\u00f6gert oder behindert wird.<\/p>\n\n\n\n<h2 class=\"wp-block-heading\">7. Abtretung und Unterauftragsvergabe<\/h2>\n\n\n\n<p>(1) Der K\u00e4ufer ist nicht berechtigt, seine Rechte aus einem Vertrag oder dieser Vereinbarung ganz oder teilweise abzutreten, zu belasten oder anderweitig dar\u00fcber zu verf\u00fcgen.<\/p>\n\n\n\n<p>Diese Zustimmung kann vom Verk\u00e4ufer nach eigenem Ermessen und ohne Angabe von Gr\u00fcnden verweigert werden.<\/p>\n\n\n\n<p>(2) Der Verk\u00e4ufer kann seine Verpflichtungen aus einem Vertrag und diesen Bedingungen ganz oder teilweise untervergeben.<\/p>\n\n\n\n<h2 class=\"wp-block-heading\"><strong>8.<\/strong> Verzugsereignisse, K\u00fcndigung und Wiederinbesitznahme<\/h2>\n\n\n\n<p>(1) Der K\u00e4ufer ist mit einem Vertrag in Verzug und gilt als vom Vertrag zur\u00fcckgetreten, wenn:<\/p>\n\n\n\n<p>(a) der K\u00e4ufer oder ein verbundenes Unternehmen des K\u00e4ufers einen f\u00e4lligen und zahlbaren Betrag aus dem Vertrag nicht unverz\u00fcglich bezahlt oder anderweitig gegen den Vertrag verst\u00f6\u00dft oder<\/p>\n\n\n\n<p>(b) der K\u00e4ufer auf Aufforderung des Verk\u00e4ufers den Preis f\u00fcr eine Dienstleistung oder einen aufgrund des Vertrags oder dieser Bedingungen zu zahlenden Betrag nicht bezahlt, nachdem<\/p>\n\n\n\n<p>&nbsp;&nbsp; (i) Schritte unternommen werden, die darauf abzielen, dass der K\u00e4ufer oder eines der verbundenen Unternehmen des K\u00e4ufers Gegenstand eines Liquidations-, Verwaltungs-, Zwangsverwaltungs- oder Insolvenzverfahrens, eines Vergleichs mit den Gl\u00e4ubigern im Allgemeinen, einer Zwangsvollstreckung oder einer Wiederinbesitznahme wird; oder<\/p>\n\n\n\n<p>&nbsp;&nbsp; (ii) der Verk\u00e4ufer begr\u00fcndeten Anlass zu der Annahme hat, dass der K\u00e4ufer zahlungsunf\u00e4hig ist oder dass der Anspruch des Verk\u00e4ufers auf Zahlung oder sein Interesse an den Waren gef\u00e4hrdet ist oder sein wird.<\/p>\n\n\n\n<p>(2) Wenn die obige Bedingung 8 (1) zutrifft, kann der Verk\u00e4ufer jederzeit (nach seinem Ermessen und unbeschadet seiner sonstigen Rechte und Rechtsmittel gegen\u00fcber dem K\u00e4ufer und unabh\u00e4ngig davon, ob er weitere Waren oder Dienstleistungen liefert oder weitere Zahlungen annimmt) dem K\u00e4ufer schriftlich mitteilen<\/p>\n\n\n\n<p>(a) die Erbringung der im Rahmen des Vertrags zu erbringenden Dienstleistungen auszusetzen oder den Vertrag zu k\u00fcndigen, zu stornieren oder von ihm zur\u00fcckzutreten<\/p>\n\n\n\n<p>(b) alle Schulden des K\u00e4ufers gegen\u00fcber dem Verk\u00e4ufer, gleich welcher Art, sofort f\u00e4llig und zahlbar zu erkl\u00e4ren; und<\/p>\n\n\n\n<p>(c) Schulden des Verk\u00e4ufers gegen\u00fcber dem K\u00e4ufer mit Schulden des K\u00e4ufers gegen\u00fcber dem Verk\u00e4ufer zu verrechnen, und zwar in jedem Fall aus welchem Grund auch immer.<\/p>\n\n\n\n<h2 class=\"wp-block-heading\">9.  Sonstiges<\/h2>\n\n\n\n<p>(1) Die Rechte des Verk\u00e4ufers werden durch ein Zugest\u00e4ndnis, eine Nachsicht oder einen Verzicht des K\u00e4ufers nicht beeintr\u00e4chtigt oder eingeschr\u00e4nkt.<\/p>\n\n\n\n<p>(2) Kein Verzicht des Verk\u00e4ufers auf eine Verletzung einer Bedingung oder Bestimmung des Vertrages bedeutet einen Verzicht auf eine andere oder sp\u00e4tere Verletzung einer Bedingung oder Bestimmung des Vertrages oder dieser Bedingungen.<\/p>\n\n\n\n<p>(3) Die Rechte des Verk\u00e4ufers nach diesen Bedingungen gelten zus\u00e4tzlich zu allen anderen Rechten, die der Verk\u00e4ufer nach dem allgemeinen Recht oder anderweitig hat.<\/p>\n\n\n\n<p>(4) Besteht der K\u00e4ufer aus zwei oder mehreren juristischen Personen, so sind deren Verpflichtungen gegen\u00fcber dem Verk\u00e4ufer aus dem Vertrag und diesen Bedingungen gesamtschuldnerisch.<\/p>\n\n\n\n<h2 class=\"wp-block-heading\">10. Geistiges Eigentum<\/h2>\n\n\n\n<p>(1) Der K\u00e4ufer hat keine Rechte an geistigem Eigentum, das sich im Besitz des Verk\u00e4ufers befindet oder an den Verk\u00e4ufer lizenziert wurde, au\u00dfer (falls zutreffend) dem Recht, die Waren und Dienstleistungen unter der vom Verk\u00e4ufer angebrachten Marke weiterzuverkaufen. Der K\u00e4ufer darf ohne vorherige schriftliche Zustimmung des Verk\u00e4ufers nicht zulassen, dass auf den Waren angebrachte Handels- oder Dienstleistungsmarken oder Konstruktionen oder Warnhinweise unkenntlich gemacht, verdeckt oder entfernt werden. Dies gilt auch f\u00fcr fotografische Abbildungen.<\/p>\n\n\n\n<p>(2) S\u00e4mtliches Know-how, Muster und sonstige Gegenst\u00e4nde, die sich auf die Waren und Dienstleistungen und deren Entwicklung oder Erstellung beziehen, bleiben Eigentum des Verk\u00e4ufers, sind vertraulich zu behandeln und d\u00fcrfen ohne vorherige schriftliche Zustimmung des Verk\u00e4ufers nicht kopiert, vervielf\u00e4ltigt oder anderen Personen zug\u00e4nglich gemacht werden.<\/p>\n\n\n\n<h2 class=\"wp-block-heading\">11. Entsch\u00e4digungen<\/h2>\n\n\n\n<p>Der K\u00e4ufer verpflichtet sich, den Verk\u00e4ufer von allen Verbindlichkeiten, Verlusten, Sch\u00e4den, Kosten, Geb\u00fchren, Ausgaben (einschlie\u00dflich, aber nicht beschr\u00e4nkt auf Rechtskosten), Klagen, Verfahren, Anspr\u00fcchen und Forderungen, die dem Verk\u00e4ufer entstehen oder gegen ihn vorgebracht werden und die sich direkt oder indirekt aus einer Verletzung der Verpflichtungen des K\u00e4ufers aus einem Vertrag oder diesen Bedingungen ergeben, zu entsch\u00e4digen und schadlos zu halten.<\/p>\n\n\n\n<h2 class=\"wp-block-heading\">12. Abfindungen<\/h2>\n\n\n\n<p>Die Bedingungen und Bestimmungen dieser Bedingungen sind unabh\u00e4ngig voneinander durchsetzbar, und die G\u00fcltigkeit der einzelnen Bedingungen und Bestimmungen wird nicht ber\u00fchrt, wenn sich eine der anderen als ung\u00fcltig erweist. Wenn eine der Bedingungen oder Bestimmungen f\u00fcr ung\u00fcltig befunden wird, aber g\u00fcltig w\u00e4re, wenn ein Teil davon gestrichen w\u00fcrde, gilt die betreffende Bedingung oder Bestimmung mit der \u00c4nderung oder Erg\u00e4nzung, die erforderlich ist, um sie g\u00fcltig zu machen.<\/p>\n\n\n\n<h2 class=\"wp-block-heading\">13. Bekanntmachungen<\/h2>\n\n\n\n<p>Alle Mitteilungen, die im Rahmen dieser Bedingungen oder eines Vertrages gemacht werden, m\u00fcssen schriftlich erfolgen und im Falle einer Gesellschaft an den eingetragenen Sitz des K\u00e4ufers und im Falle einer Person oder Firma an die vom K\u00e4ufer dem Verk\u00e4ufer mitgeteilte Adresse geschickt oder pers\u00f6nlich \u00fcbergeben werden.<\/p>\n\n\n\n<h2 class=\"wp-block-heading\">14. Garantie\/Gew\u00e4hrleistung<\/h2>\n\n\n\n<p>(1) Auf alle unsere Arbeiten gew\u00e4hren wir eine 24-monatige Garantie f\u00fcr fehlerhafte oder minderwertige Arbeiten, Materialien oder Produkte. &nbsp;<\/p>\n\n\n\n<p>(2) Bei einigen R\u00e4dern kann aufgrund ihres Zustands keine Garantie f\u00fcr die Ausf\u00fchrung der Arbeiten \u00fcbernommen werden; dies wird dem K\u00e4ufer vom Techniker vor der Durchf\u00fchrung der Arbeiten erkl\u00e4rt. M\u00f6chte der K\u00e4ufer die Arbeiten dennoch durchf\u00fchren, so geschieht dies auf sein Risiko und wird auf der Rechnung f\u00fcr die betreffende Dienstleistung oder Reparatur angegeben.<\/p>\n\n\n\n<p>(3) Auto WIzard hat das Recht, fehlerhafte Arbeiten zu besichtigen und Gelegenheit zur Nachbesserung zu erhalten.<\/p>\n\n\n\n<p>fehlerhafte Arbeit.<\/p>\n\n\n\n<p>(4) Wird der Fehler durch den Eigent\u00fcmer\/Benutzer des Fahrzeugs verursacht, so erlischt die Garantie.<\/p>\n\n\n\n<p>Dies gilt auch f\u00fcr s\u00e4urehaltige\/chemische Waschverfahren f\u00fcr neue Lackierungen, die f\u00fcr das Fahrzeug sch\u00e4dlich sind.<\/p>\n\n\n\n<p>(5) Ist der Fehler durch eine weitere Besch\u00e4digung entstanden, wird f\u00fcr diese Arbeit nicht garantiert.<\/p>\n\n\n\n<h2 class=\"wp-block-heading\">15. Recht und Gerichtsbarkeit<\/h2>\n\n\n\n<p>(1) Diese Bedingungen und jeder Vertrag unterliegen schweizerischem Recht und sind nach diesem auszulegen.<\/p>\n\n\n\n<p>(2) Zu Gunsten des Verk\u00e4ufers unterwirft sich der K\u00e4ufer der ausschlie\u00dflichen Zust\u00e4ndigkeit der Schweizer Gerichte und erkl\u00e4rt sich damit einverstanden, dass die Schweizer Gerichte f\u00fcr die Beilegung von Anspr\u00fcchen oder Streitigkeiten im Zusammenhang mit einem Vertrag zust\u00e4ndig sind.<\/p>","protected":false},"excerpt":{"rendered":"<p>Auto Wizard SA Allgemeine Verkaufsbedingungen In diesen Bedingungen dienen die \u00dcberschriften nur als Referenz und [...]<\/p>","protected":false},"author":1,"featured_media":0,"parent":0,"menu_order":0,"comment_status":"closed","ping_status":"closed","template":"","meta":{"site-sidebar-layout":"default","site-content-layout":"","ast-site-content-layout":"default","site-content-style":"default","site-sidebar-style":"default","ast-global-header-display":"","ast-banner-title-visibility":"","ast-main-header-display":"","ast-hfb-above-header-display":"","ast-hfb-below-header-display":"","ast-hfb-mobile-header-display":"","site-post-title":"","ast-breadcrumbs-content":"","ast-featured-img":"","footer-sml-layout":"","theme-transparent-header-meta":"","adv-header-id-meta":"","stick-header-meta":"","header-above-stick-meta":"","header-main-stick-meta":"","header-below-stick-meta":"","astra-migrate-meta-layouts":"default","ast-page-background-enabled":"default","ast-page-background-meta":{"desktop":{"background-color":"var(--ast-global-color-5)","background-image":"","background-repeat":"repeat","background-position":"center center","background-size":"auto","background-attachment":"scroll","background-type":"","background-media":"","overlay-type":"","overlay-color":"","overlay-opacity":"","overlay-gradient":""},"tablet":{"background-color":"","background-image":"","background-repeat":"repeat","background-position":"center center","background-size":"auto","background-attachment":"scroll","background-type":"","background-media":"","overlay-type":"","overlay-color":"","overlay-opacity":"","overlay-gradient":""},"mobile":{"background-color":"","background-image":"","background-repeat":"repeat","background-position":"center center","background-size":"auto","background-attachment":"scroll","background-type":"","background-media":"","overlay-type":"","overlay-color":"","overlay-opacity":"","overlay-gradient":""}},"ast-content-background-meta":{"desktop":{"background-color":"var(--ast-global-color-4)","background-image":"","background-repeat":"repeat","background-position":"center center","background-size":"auto","background-attachment":"scroll","background-type":"","background-media":"","overlay-type":"","overlay-color":"","overlay-opacity":"","overlay-gradient":""},"tablet":{"background-color":"var(--ast-global-color-4)","background-image":"","background-repeat":"repeat","background-position":"center center","background-size":"auto","background-attachment":"scroll","background-type":"","background-media":"","overlay-type":"","overlay-color":"","overlay-opacity":"","overlay-gradient":""},"mobile":{"background-color":"var(--ast-global-color-4)","background-image":"","background-repeat":"repeat","background-position":"center center","background-size":"auto","background-attachment":"scroll","background-type":"","background-media":"","overlay-type":"","overlay-color":"","overlay-opacity":"","overlay-gradient":""}},"footnotes":""},"class_list":["post-593","page","type-page","status-publish","hentry"],"_links":{"self":[{"href":"https:\/\/wheelwizard.ch\/de\/wp-json\/wp\/v2\/pages\/593","targetHints":{"allow":["GET"]}}],"collection":[{"href":"https:\/\/wheelwizard.ch\/de\/wp-json\/wp\/v2\/pages"}],"about":[{"href":"https:\/\/wheelwizard.ch\/de\/wp-json\/wp\/v2\/types\/page"}],"author":[{"embeddable":true,"href":"https:\/\/wheelwizard.ch\/de\/wp-json\/wp\/v2\/users\/1"}],"replies":[{"embeddable":true,"href":"https:\/\/wheelwizard.ch\/de\/wp-json\/wp\/v2\/comments?post=593"}],"version-history":[{"count":5,"href":"https:\/\/wheelwizard.ch\/de\/wp-json\/wp\/v2\/pages\/593\/revisions"}],"predecessor-version":[{"id":616,"href":"https:\/\/wheelwizard.ch\/de\/wp-json\/wp\/v2\/pages\/593\/revisions\/616"}],"wp:attachment":[{"href":"https:\/\/wheelwizard.ch\/de\/wp-json\/wp\/v2\/media?parent=593"}],"curies":[{"name":"wp","href":"https:\/\/api.w.org\/{rel}","templated":true}]}}