{"id":13,"date":"2025-09-23T07:17:42","date_gmt":"2025-09-23T07:17:42","guid":{"rendered":"https:\/\/wp25.wheelwizard.ch\/about\/"},"modified":"2026-02-24T08:35:27","modified_gmt":"2026-02-24T07:35:27","slug":"uber","status":"publish","type":"page","link":"https:\/\/wheelwizard.ch\/de\/uber\/","title":{"rendered":"\u00dcber uns"},"content":{"rendered":"<div data-elementor-type=\"wp-page\" data-elementor-id=\"13\" class=\"elementor elementor-13\" data-elementor-post-type=\"page\">\n\t\t\t\t<div class=\"elementor-element elementor-element-3a1dfe3 e-flex e-con-boxed e-con e-parent\" data-id=\"3a1dfe3\" data-element_type=\"container\" data-settings=\"{&quot;background_background&quot;:&quot;classic&quot;}\">\n\t\t\t\t\t<div class=\"e-con-inner\">\n\t\t<div class=\"elementor-element elementor-element-a09068f e-con-full e-flex e-con e-child\" data-id=\"a09068f\" data-element_type=\"container\">\n\t\t\t\t<div class=\"elementor-element elementor-element-0cd15b2 elementor-widget elementor-widget-heading\" data-id=\"0cd15b2\" data-element_type=\"widget\" data-widget_type=\"heading.default\">\n\t\t\t\t\t\t\t<p class=\"elementor-heading-title elementor-size-default\">Unsere Passion<\/p>\t\t\t\t<\/div>\n\t\t\t\t<div class=\"elementor-element elementor-element-5d76335 elementor-widget elementor-widget-heading\" data-id=\"5d76335\" data-element_type=\"widget\" data-widget_type=\"heading.default\">\n\t\t\t\t\t\t\t<h2 class=\"elementor-heading-title elementor-size-default\">Entdecken Sie die Kompetenz von WheelWizard<\/h2>\t\t\t\t<\/div>\n\t\t\t\t<\/div>\n\t\t<div class=\"elementor-element elementor-element-4ca538b e-con-full e-flex e-con e-child\" data-id=\"4ca538b\" data-element_type=\"container\">\n\t\t\t\t<div class=\"elementor-element elementor-element-71592e4 elementor-widget elementor-widget-icon-box\" data-id=\"71592e4\" data-element_type=\"widget\" data-widget_type=\"icon-box.default\">\n\t\t\t\t\t\t\t\t\t<div class=\"elementor-icon-box-wrapper\">\n\n\t\t\t\n\t\t\t\t\t\t<div class=\"elementor-icon-box-content\">\n\n\t\t\t\t\t\t\t\t\t<p class=\"elementor-icon-box-title\">\n\t\t\t\t\t\t<span  >\n\t\t\t\t\t\t\tBei WheelWizard sind Autos nicht nur ein Gesch\u00e4ft - sie sind in unserer DNA. Mit einer soliden Grundlage in der Automobilindustrie und Erfahrungen aus der Hochleistungswelt des Motorsports wissen wir, was es braucht, um Pr\u00e4zision und Spitzenergebnisse zu liefern.\t\t\t\t\t\t<\/span>\n\t\t\t\t\t<\/p>\n\t\t\t\t\n\t\t\t\t\n\t\t\t<\/div>\n\t\t\t\n\t\t<\/div>\n\t\t\t\t\t\t<\/div>\n\t\t\t\t<\/div>\n\t\t\t\t\t<\/div>\n\t\t\t\t<\/div>\n\t\t<div class=\"elementor-element elementor-element-58ecd66 e-flex e-con-boxed e-con e-parent\" data-id=\"58ecd66\" data-element_type=\"container\" data-settings=\"{&quot;background_background&quot;:&quot;classic&quot;}\">\n\t\t\t\t\t<div class=\"e-con-inner\">\n\t\t\t\t<div class=\"elementor-element elementor-element-b29ed20 elementor-widget elementor-widget-heading\" data-id=\"b29ed20\" data-element_type=\"widget\" data-widget_type=\"heading.default\">\n\t\t\t\t\t\t\t<p class=\"elementor-heading-title elementor-size-default\">Unser Ansatz<\/p>\t\t\t\t<\/div>\n\t\t\t\t<div class=\"elementor-element elementor-element-3c86a0c elementor-widget elementor-widget-heading\" data-id=\"3c86a0c\" data-element_type=\"widget\" data-widget_type=\"heading.default\">\n\t\t\t\t\t\t\t<h2 class=\"elementor-heading-title elementor-size-default\">Engagement f\u00fcr Spitzenleistungen<\/h2>\t\t\t\t<\/div>\n\t\t<div class=\"elementor-element elementor-element-ddd2d0a e-con-full e-flex e-con e-child\" data-id=\"ddd2d0a\" data-element_type=\"container\">\n\t\t\t\t<div class=\"elementor-element elementor-element-84e862c elementor-widget elementor-widget-icon-box\" data-id=\"84e862c\" data-element_type=\"widget\" data-widget_type=\"icon-box.default\">\n\t\t\t\t\t\t\t\t\t<div class=\"elementor-icon-box-wrapper\">\n\n\t\t\t\n\t\t\t\t\t\t<div class=\"elementor-icon-box-content\">\n\n\t\t\t\t\t\t\t\t\t<h3 class=\"elementor-icon-box-title\">\n\t\t\t\t\t\t<span  >\n\t\t\t\t\t\t\tGarantierte Qualit\u00e4t und faire Preise\t\t\t\t\t\t<\/span>\n\t\t\t\t\t<\/h3>\n\t\t\t\t\n\t\t\t\t\t\t\t\t\t<p class=\"elementor-icon-box-description\">\n\t\t\t\t\t\tAls wir den Schweizer Markt f\u00fcr die Reparatur und Aufbereitung von Leichtmetallr\u00e4dern unter die Lupe nahmen, sahen wir eine klare L\u00fccke. Die Kunden w\u00fcnschten sich einen schnellen und unkomplizierten Service, Felgen in neuwertigem Zustand, garantierte Qualit\u00e4t und faire Preise. Genau das bieten wir: einen erstklassigen mobilen Felgenreparaturservice, bei dem Schnelligkeit, Komfort und Schweizer Qualit\u00e4tsarbeit im Vordergrund stehen.\n\n<br>\n<br>\n\nUm neue Ma\u00dfst\u00e4be zu setzen, haben wir uns mit zwei der f\u00fchrenden britischen Spezialisten zusammengetan, die zusammen \u00fcber 50 Jahre Erfahrung in der Restaurierung von Leichtmetallr\u00e4dern haben. Mit ihrem Wissen und unserem lokalen Engagement haben wir WheelWizard gegr\u00fcndet, um die Messlatte in der Schweiz h\u00f6her zu legen.\t\t\t\t\t<\/p>\n\t\t\t\t\n\t\t\t<\/div>\n\t\t\t\n\t\t<\/div>\n\t\t\t\t\t\t<\/div>\n\t\t\t\t<div class=\"elementor-element elementor-element-e6d5fcc elementor-widget elementor-widget-icon-box\" data-id=\"e6d5fcc\" data-element_type=\"widget\" data-widget_type=\"icon-box.default\">\n\t\t\t\t\t\t\t\t\t<div class=\"elementor-icon-box-wrapper\">\n\n\t\t\t\n\t\t\t\t\t\t<div class=\"elementor-icon-box-content\">\n\n\t\t\t\t\t\t\t\t\t<h3 class=\"elementor-icon-box-title\">\n\t\t\t\t\t\t<span  >\n\t\t\t\t\t\t\tQualit\u00e4tssicherung\t\t\t\t\t\t<\/span>\n\t\t\t\t\t<\/h3>\n\t\t\t\t\n\t\t\t\t\t\t\t\t\t<p class=\"elementor-icon-box-description\">\n\t\t\t\t\t\tUnsere Mission ist einfach: die Aufarbeitung von Leichtmetallr\u00e4dern in der Schweiz schnell, einfach und g\u00fcnstig zu machen. Mit unseren hochmodernen mobilen Werkst\u00e4tten reparieren wir Ihre R\u00e4der direkt bei Ihnen zu Hause, in Ihrem Autohaus oder an Ihrem Arbeitsplatz - immer nach Ihrem Zeitplan.\n<br>\n<br>\nOb Bordsteinkanten, Kratzer, diamantgeschliffene R\u00e4der oder eine komplette Felgenaufbereitung, WheelWizard liefert Ergebnisse in Werksqualit\u00e4t, ohne dass Sie sich darum k\u00fcmmern m\u00fcssen.\n\t\t\t\t\t<\/p>\n\t\t\t\t\n\t\t\t<\/div>\n\t\t\t\n\t\t<\/div>\n\t\t\t\t\t\t<\/div>\n\t\t\t\t<\/div>\n\t\t\t\t\t<\/div>\n\t\t\t\t<\/div>\n\t\t\t\t<\/div>","protected":false},"excerpt":{"rendered":"<p>Unsere Leidenschaft Entdecken Sie die Kompetenz von WheelWizard Bei WheelWizard sind Autos nicht nur ein Gesch\u00e4ft - sie sind in unserer DNA. Mit einer soliden [...]<\/p>","protected":false},"author":1,"featured_media":43,"parent":0,"menu_order":0,"comment_status":"closed","ping_status":"closed","template":"","meta":{"site-sidebar-layout":"no-sidebar","site-content-layout":"","ast-site-content-layout":"full-width-container","site-content-style":"default","site-sidebar-style":"default","ast-global-header-display":"","ast-banner-title-visibility":"","ast-main-header-display":"","ast-hfb-above-header-display":"","ast-hfb-below-header-display":"","ast-hfb-mobile-header-display":"","site-post-title":"disabled","ast-breadcrumbs-content":"","ast-featured-img":"disabled","footer-sml-layout":"","theme-transparent-header-meta":"","adv-header-id-meta":"","stick-header-meta":"","header-above-stick-meta":"","header-main-stick-meta":"","header-below-stick-meta":"","astra-migrate-meta-layouts":"default","ast-page-background-enabled":"default","ast-page-background-meta":{"desktop":{"background-color":"var(--ast-global-color-5)","background-image":"","background-repeat":"repeat","background-position":"center center","background-size":"auto","background-attachment":"scroll","background-type":"","background-media":"","overlay-type":"","overlay-color":"","overlay-opacity":"","overlay-gradient":""},"tablet":{"background-color":"","background-image":"","background-repeat":"repeat","background-position":"center center","background-size":"auto","background-attachment":"scroll","background-type":"","background-media":"","overlay-type":"","overlay-color":"","overlay-opacity":"","overlay-gradient":""},"mobile":{"background-color":"","background-image":"","background-repeat":"repeat","background-position":"center center","background-size":"auto","background-attachment":"scroll","background-type":"","background-media":"","overlay-type":"","overlay-color":"","overlay-opacity":"","overlay-gradient":""}},"ast-content-background-meta":{"desktop":{"background-color":"var(--ast-global-color-4)","background-image":"","background-repeat":"repeat","background-position":"center center","background-size":"auto","background-attachment":"scroll","background-type":"","background-media":"","overlay-type":"","overlay-color":"","overlay-opacity":"","overlay-gradient":""},"tablet":{"background-color":"var(--ast-global-color-4)","background-image":"","background-repeat":"repeat","background-position":"center center","background-size":"auto","background-attachment":"scroll","background-type":"","background-media":"","overlay-type":"","overlay-color":"","overlay-opacity":"","overlay-gradient":""},"mobile":{"background-color":"var(--ast-global-color-4)","background-image":"","background-repeat":"repeat","background-position":"center center","background-size":"auto","background-attachment":"scroll","background-type":"","background-media":"","overlay-type":"","overlay-color":"","overlay-opacity":"","overlay-gradient":""}},"footnotes":""},"class_list":["post-13","page","type-page","status-publish","has-post-thumbnail","hentry"],"_links":{"self":[{"href":"https:\/\/wheelwizard.ch\/de\/wp-json\/wp\/v2\/pages\/13","targetHints":{"allow":["GET"]}}],"collection":[{"href":"https:\/\/wheelwizard.ch\/de\/wp-json\/wp\/v2\/pages"}],"about":[{"href":"https:\/\/wheelwizard.ch\/de\/wp-json\/wp\/v2\/types\/page"}],"author":[{"embeddable":true,"href":"https:\/\/wheelwizard.ch\/de\/wp-json\/wp\/v2\/users\/1"}],"replies":[{"embeddable":true,"href":"https:\/\/wheelwizard.ch\/de\/wp-json\/wp\/v2\/comments?post=13"}],"version-history":[{"count":14,"href":"https:\/\/wheelwizard.ch\/de\/wp-json\/wp\/v2\/pages\/13\/revisions"}],"predecessor-version":[{"id":1030,"href":"https:\/\/wheelwizard.ch\/de\/wp-json\/wp\/v2\/pages\/13\/revisions\/1030"}],"wp:featuredmedia":[{"embeddable":true,"href":"https:\/\/wheelwizard.ch\/de\/wp-json\/wp\/v2\/media\/43"}],"wp:attachment":[{"href":"https:\/\/wheelwizard.ch\/de\/wp-json\/wp\/v2\/media?parent=13"}],"curies":[{"name":"wp","href":"https:\/\/api.w.org\/{rel}","templated":true}]}}